{"id":503,"date":"2024-02-27T16:48:41","date_gmt":"2024-02-27T15:48:41","guid":{"rendered":"https:\/\/www.spacee.fr\/conseil-detox-interieur\/?page_id=503"},"modified":"2024-03-20T10:48:01","modified_gmt":"2024-03-20T09:48:01","slug":"guide-grand-nettoyage-printemps","status":"publish","type":"page","link":"https:\/\/www.spacee.fr\/blog\/guide-grand-nettoyage-printemps\/","title":{"rendered":"Guide\u00a0: Le grand nettoyage de printemps"},"content":{"rendered":"\n<div class=\"wp-block-columns column-dl is-layout-flex wp-container-core-columns-is-layout-9d6595d7 wp-block-columns-is-layout-flex\">\n<div class=\"wp-block-column is-layout-flow wp-block-column-is-layout-flow\" style=\"flex-basis:50%\">\n<p> &nbsp;<\/p>\n\n\n\n<h2 class=\"wp-block-heading\">T\u00e9l\u00e9chargez le guide du grand nettoyage de printemps \ud83c\udf38<\/h2>\n\n\n\n<h3 class=\"wp-block-heading\">10 \u00e9tapes pour faire briller votre maison&nbsp;!<\/h3>\n\n\n\n<p>D\u00e9couvrez nos meilleures astuces pour faire du grand m\u00e9nage de printemps un moment de renouveau sans vous \u00e9puiser.<\/p>\n\n\n\n<figure class=\"wp-block-image size-full is-resized hidemobile\"><img decoding=\"async\" width=\"1080\" height=\"1374\" src=\"https:\/\/www.spacee.fr\/blog\/wp-content\/uploads\/2024\/03\/guide-printemps-2024.png\" alt=\"Guide m\u00e9nage de printemps\" class=\"wp-image-821\" style=\"width:181px;height:250px\" srcset=\"https:\/\/www.spacee.fr\/blog\/wp-content\/uploads\/2024\/03\/guide-printemps-2024.png 1080w, https:\/\/www.spacee.fr\/blog\/wp-content\/uploads\/2024\/03\/guide-printemps-2024-236x300.png 236w, https:\/\/www.spacee.fr\/blog\/wp-content\/uploads\/2024\/03\/guide-printemps-2024-805x1024.png 805w, https:\/\/www.spacee.fr\/blog\/wp-content\/uploads\/2024\/03\/guide-printemps-2024-768x977.png 768w\" sizes=\"(max-width: 1080px) 100vw, 1080px\" \/><\/figure>\n<\/div>\n\n\n\n<div class=\"wp-block-column form-dl is-layout-flow wp-block-column-is-layout-flow\" style=\"flex-basis:50%\">\n<p>Renseignez vos coordonn\u00e9es pour recevoir le guide par e-mail.<\/p>\n\n\n<noscript class=\"ninja-forms-noscript-message\">\n\tRemarque\u00a0: JavaScript est requis pour ce contenu.<\/noscript>\n<div id=\"nf-form-2-cont\" class=\"nf-form-cont\" aria-live=\"polite\" aria-labelledby=\"nf-form-title-2\" aria-describedby=\"nf-form-errors-2\" role=\"form\">\n\n    <div class=\"nf-loading-spinner\"><\/div>\n\n<\/div>\n        <!-- That data is being printed as a workaround to page builders reordering the order of the scripts loaded-->\n        <script>var formDisplay=1;var nfForms=nfForms||[];var form=[];form.id='2';form.settings={\"objectType\":\"Form Setting\",\"editActive\":true,\"title\":\"Guide printemps\",\"show_title\":0,\"allow_public_link\":0,\"public_link\":\"https:\\\/\\\/www.spacee.fr\\\/blog\\\/ninja-forms\\\/2go8s\",\"embed_form\":\"\",\"clear_complete\":1,\"hide_complete\":1,\"default_label_pos\":\"hidden\",\"wrapper_class\":\"\",\"element_class\":\"\",\"form_title_heading_level\":\"3\",\"key\":\"\",\"add_submit\":1,\"changeEmailErrorMsg\":\"Veuillez saisir une adresse de messagerie valide. Ex\\u00a0: jean.dupont@gmail.com\",\"changeDateErrorMsg\":\"Veuillez saisir une date valide\\u00a0!\",\"confirmFieldErrorMsg\":\"Ces champs doivent correspondre\\u00a0!\",\"fieldNumberNumMinError\":\"Erreur de nombre min.\",\"fieldNumberNumMaxError\":\"Erreur de nombre max.\",\"fieldNumberIncrementBy\":\"Veuillez incr\\u00e9menter par \",\"formErrorsCorrectErrors\":\"Veuillez corriger les erreurs avant d\\u2019envoyer ce formulaire.\",\"validateRequiredField\":\"Ce champ est obligatoire.\",\"honeypotHoneypotError\":\"Erreur Honeypot\",\"fieldsMarkedRequired\":\"Les champs marqu\\u00e9s d\\u2019un <span class=\\\"ninja-forms-req-symbol\\\">*<\\\/span> sont obligatoires\",\"currency\":\"\",\"unique_field_error\":\"Un formulaire avec cette valeur a d\\u00e9j\\u00e0 \\u00e9t\\u00e9 envoy\\u00e9.\",\"logged_in\":false,\"not_logged_in_msg\":\"\",\"sub_limit_msg\":\"Le formulaire a atteint sa limite d\\u2019entr\\u00e9es.\",\"calculations\":[],\"formContentData\":[\"firstname_1710925672627\",\"lastname_1710925673944\",\"email_1710925931078\",\"rgpd_1710925796996\",\"envoyer_1710926155428\"],\"drawerDisabled\":false,\"public_link_key\":\"2go8s\",\"objectDomain\":\"display\",\"ninjaForms\":\"Ninja Forms\",\"fieldTextareaRTEInsertLink\":\"Ins\\u00e9rer un lien\",\"fieldTextareaRTEInsertMedia\":\"Ins\\u00e9rer un m\\u00e9dia\",\"fieldTextareaRTESelectAFile\":\"S\\u00e9lectionnez un fichier\",\"tableInsertRowAbove\":\"Insert Row Above\",\"tableInsertRowBelow\":\"Insert Row Below\",\"tableInsertColumnLeft\":\"Insert Column Left\",\"tableInsertColumnRight\":\"Insert Column Right\",\"tableDeleteRow\":\"Delete Row\",\"tableDeleteColumn\":\"Delete Column\",\"tableDeleteTable\":\"Delete Table\",\"tableLegacyNotice\":\"This content has tables in the old editor format. Custom styles are preserved until converted. Editing will update to the new format.\",\"tableLegacyConvert\":\"Convert Now\",\"tableInsertTable\":\"Insert Table\",\"dismiss\":\"Ignorer\",\"insertLink\":\"Ins\\u00e9rer un lien\",\"formHoneypot\":\"Si vous \\u00eates un \\u00eatre humain et que vous voyez ce champ, veuillez le laisser vide.\",\"fileUploadOldCodeFileUploadInProgress\":\"T\\u00e9l\\u00e9versement du fichier en cours.\",\"fileUploadOldCodeFileUpload\":\"T\\u00c9L\\u00c9VERSEMENT DE FICHIER\",\"currencySymbol\":\"&euro;\",\"thousands_sep\":\"\\u00a0\",\"decimal_point\":\",\",\"siteLocale\":\"fr_FR\",\"dateFormat\":\"d\\\/m\\\/Y\",\"startOfWeek\":\"1\",\"of\":\"sur\",\"previousMonth\":\"Mois pr\\u00e9c\\u00e9dent\",\"nextMonth\":\"Mois suivant\",\"months\":[\"Janvier\",\"F\\u00e9vrier\",\"Mars\",\"Avril\",\"Mai\",\"Juin\",\"Juillet\",\"Ao\\u00fbt\",\"Septembre\",\"Octobre\",\"Novembre\",\"D\\u00e9cembre\"],\"monthsShort\":[\"Jan\",\"F\\u00e9v\",\"Mar\",\"Avr\",\"Mai\",\"Juin\",\"Juil\",\"Ao\\u00fb\",\"Sep\",\"Oct\",\"Nov\",\"D\\u00e9c\"],\"weekdays\":[\"Dimanche\",\"Lundi\",\"Mardi\",\"Mercredi\",\"Jeudi\",\"Vendredi\",\"Samedi\"],\"weekdaysShort\":[\"Dim\",\"Lun\",\"Mar\",\"Mer\",\"Jeu\",\"Ven\",\"Sam\"],\"weekdaysMin\":[\"Di\",\"Lu\",\"Ma\",\"Me\",\"Je\",\"Ve\",\"Sa\"],\"recaptchaConsentMissing\":\"reCaptcha validation couldn&#039;t load.\",\"recaptchaMissingCookie\":\"reCaptcha v3 validation couldn&#039;t load the cookie needed to submit the form.\",\"recaptchaConsentEvent\":\"Accept reCaptcha cookies before sending the form.\",\"currency_symbol\":\"\",\"beforeForm\":\"\",\"beforeFields\":\"\",\"afterFields\":\"\",\"afterForm\":\"\"};form.fields=[{\"objectType\":\"Field\",\"objectDomain\":\"fields\",\"editActive\":false,\"order\":1,\"idAttribute\":\"id\",\"type\":\"firstname\",\"label\":\"Pr\\u00e9nom\",\"key\":\"firstname_1710925672627\",\"label_pos\":\"hidden\",\"required\":1,\"default\":\"\",\"placeholder\":\"Votre pr\\u00e9nom\",\"container_class\":\"\",\"element_class\":\"\",\"admin_label\":\"\",\"help_text\":\"\",\"custom_name_attribute\":\"fname\",\"personally_identifiable\":1,\"value\":\"\",\"drawerDisabled\":false,\"id\":5,\"beforeField\":\"\",\"afterField\":\"\",\"parentType\":\"firstname\",\"element_templates\":[\"firstname\",\"input\"],\"old_classname\":\"\",\"wrap_template\":\"wrap\"},{\"objectType\":\"Field\",\"objectDomain\":\"fields\",\"editActive\":false,\"order\":2,\"idAttribute\":\"id\",\"type\":\"lastname\",\"label\":\"Nom\",\"key\":\"lastname_1710925673944\",\"label_pos\":\"hidden\",\"required\":1,\"default\":\"\",\"placeholder\":\"Votre nom\",\"container_class\":\"\",\"element_class\":\"\",\"admin_label\":\"\",\"help_text\":\"\",\"custom_name_attribute\":\"lname\",\"personally_identifiable\":1,\"value\":\"\",\"id\":6,\"beforeField\":\"\",\"afterField\":\"\",\"parentType\":\"lastname\",\"element_templates\":[\"lastname\",\"input\"],\"old_classname\":\"\",\"wrap_template\":\"wrap\"},{\"objectType\":\"Field\",\"objectDomain\":\"fields\",\"editActive\":false,\"order\":3,\"idAttribute\":\"id\",\"type\":\"email\",\"label\":\"E-mail\",\"key\":\"email_1710925931078\",\"label_pos\":\"hidden\",\"required\":1,\"default\":\"\",\"placeholder\":\"Votre e-mail\",\"container_class\":\"\",\"element_class\":\"\",\"admin_label\":\"\",\"help_text\":\"\",\"custom_name_attribute\":\"email\",\"personally_identifiable\":1,\"value\":\"\",\"id\":7,\"beforeField\":\"\",\"afterField\":\"\",\"parentType\":\"email\",\"element_templates\":[\"email\",\"input\"],\"old_classname\":\"\",\"wrap_template\":\"wrap\"},{\"objectType\":\"Field\",\"objectDomain\":\"fields\",\"editActive\":false,\"order\":4,\"idAttribute\":\"id\",\"type\":\"listradio\",\"label\":\"RGPD\",\"key\":\"rgpd_1710925796996\",\"label_pos\":\"hidden\",\"required\":1,\"options\":[{\"errors\":[],\"max_options\":0,\"label\":\"En compl\\u00e9tant le formulaire, j'accepte de recevoir les news de Spacee.\",\"value\":\"en-completant-le-formulaire-j-accepte-de-recevoir-les-news-de-spacee\",\"calc\":\"\",\"selected\":0,\"order\":0,\"settingModel\":{\"settings\":false,\"hide_merge_tags\":false,\"error\":false,\"name\":\"options\",\"type\":\"option-repeater\",\"label\":\"Options <a href=\\\"#\\\" class=\\\"nf-add-new\\\">Ajouter<\\\/a> <a href=\\\"#\\\" class=\\\"extra nf-open-import-tooltip\\\"><i class=\\\"fa fa-sign-in\\\" aria-hidden=\\\"true\\\"><\\\/i> Importer<\\\/a>\",\"width\":\"full\",\"group\":\"\",\"value\":[{\"label\":\"Un\",\"value\":\"un\",\"calc\":\"\",\"selected\":0,\"order\":0},{\"label\":\"Deux\",\"value\":\"deux\",\"calc\":\"\",\"selected\":0,\"order\":1},{\"label\":\"Trois\",\"value\":\"trois\",\"calc\":\"\",\"selected\":0,\"order\":2}],\"columns\":{\"label\":{\"header\":\"Libell\\u00e9\",\"default\":\"\"},\"value\":{\"header\":\"Valeur\",\"default\":\"\"},\"calc\":{\"header\":\"Valeur de calcul\",\"default\":\"\"},\"selected\":{\"header\":\"<span class=\\\"dashicons dashicons-yes\\\"><\\\/span>\",\"default\":0}}}}],\"container_class\":\"\",\"element_class\":\"\",\"admin_label\":\"\",\"help_text\":\"\",\"drawerDisabled\":false,\"id\":8,\"beforeField\":\"\",\"afterField\":\"\",\"value\":\"\",\"parentType\":\"list\",\"element_templates\":[\"listradio\",\"input\"],\"old_classname\":\"list-radio\",\"wrap_template\":\"wrap\"},{\"objectType\":\"Field\",\"objectDomain\":\"fields\",\"editActive\":false,\"order\":9999,\"idAttribute\":\"id\",\"type\":\"submit\",\"label\":\"Envoyer\",\"processing_label\":\"En cours de traitement\",\"container_class\":\"\",\"element_class\":\"\",\"key\":\"envoyer_1710926155428\",\"drawerDisabled\":false,\"admin_label\":\"\",\"id\":9,\"beforeField\":\"\",\"afterField\":\"\",\"value\":\"\",\"label_pos\":\"hidden\",\"parentType\":\"textbox\",\"element_templates\":[\"submit\",\"button\",\"input\"],\"old_classname\":\"\",\"wrap_template\":\"wrap-no-label\"}];nfForms.push(form);<\/script>\n        \n<\/div>\n<\/div>\n\n\n\n<figure class=\"wp-block-image size-large is-resized\"><img decoding=\"async\" width=\"576\" height=\"1024\" src=\"https:\/\/www.spacee.fr\/blog\/wp-content\/uploads\/2024\/03\/guide-grand-nettoyage-printemps-576x1024.jpg\" alt=\"Guide du grand nettoyage de printemps \u00e0 t\u00e9l\u00e9charger\" class=\"wp-image-822\" style=\"width:390px;height:auto\" srcset=\"https:\/\/www.spacee.fr\/blog\/wp-content\/uploads\/2024\/03\/guide-grand-nettoyage-printemps-576x1024.jpg 576w, https:\/\/www.spacee.fr\/blog\/wp-content\/uploads\/2024\/03\/guide-grand-nettoyage-printemps-169x300.jpg 169w, https:\/\/www.spacee.fr\/blog\/wp-content\/uploads\/2024\/03\/guide-grand-nettoyage-printemps-768x1365.jpg 768w, https:\/\/www.spacee.fr\/blog\/wp-content\/uploads\/2024\/03\/guide-grand-nettoyage-printemps-864x1536.jpg 864w, https:\/\/www.spacee.fr\/blog\/wp-content\/uploads\/2024\/03\/guide-grand-nettoyage-printemps.jpg 1080w\" sizes=\"(max-width: 576px) 100vw, 576px\" \/><\/figure>\n","protected":false},"excerpt":{"rendered":"<p>&nbsp; T\u00e9l\u00e9chargez le guide du grand nettoyage de printemps \ud83c\udf38 10 \u00e9tapes pour faire briller votre maison&nbsp;! D\u00e9couvrez nos meilleures astuces pour faire du grand m\u00e9nage de printemps un moment de renouveau sans vous \u00e9puiser. Renseignez vos coordonn\u00e9es pour recevoir le guide par e-mail.<\/p>\n","protected":false},"author":2,"featured_media":0,"parent":0,"menu_order":0,"comment_status":"closed","ping_status":"closed","template":"","meta":{"_seopress_robots_primary_cat":"","_seopress_titles_title":"","_seopress_titles_desc":"","_seopress_robots_index":"","_seopress_analysis_target_kw":"","inline_featured_image":false,"footnotes":""},"class_list":{"0":"post-503","1":"page","2":"type-page","3":"status-publish","5":"infinite-scroll-item"},"_links":{"self":[{"href":"https:\/\/www.spacee.fr\/blog\/wp-json\/wp\/v2\/pages\/503","targetHints":{"allow":["GET"]}}],"collection":[{"href":"https:\/\/www.spacee.fr\/blog\/wp-json\/wp\/v2\/pages"}],"about":[{"href":"https:\/\/www.spacee.fr\/blog\/wp-json\/wp\/v2\/types\/page"}],"author":[{"embeddable":true,"href":"https:\/\/www.spacee.fr\/blog\/wp-json\/wp\/v2\/users\/2"}],"replies":[{"embeddable":true,"href":"https:\/\/www.spacee.fr\/blog\/wp-json\/wp\/v2\/comments?post=503"}],"version-history":[{"count":17,"href":"https:\/\/www.spacee.fr\/blog\/wp-json\/wp\/v2\/pages\/503\/revisions"}],"predecessor-version":[{"id":852,"href":"https:\/\/www.spacee.fr\/blog\/wp-json\/wp\/v2\/pages\/503\/revisions\/852"}],"wp:attachment":[{"href":"https:\/\/www.spacee.fr\/blog\/wp-json\/wp\/v2\/media?parent=503"}],"curies":[{"name":"wp","href":"https:\/\/api.w.org\/{rel}","templated":true}]}}